{"id":2926,"date":"2023-04-03T17:44:26","date_gmt":"2023-04-03T14:44:26","guid":{"rendered":"https:\/\/ibsc.lv\/?page_id=2926"},"modified":"2026-03-20T11:22:18","modified_gmt":"2026-03-20T09:22:18","slug":"instructions","status":"publish","type":"page","link":"https:\/\/ibsc.lv\/lv\/instructions\/","title":{"rendered":"Dokument\u0101cija"},"content":{"rendered":"<p><strong>Resico ERP integr\u0101cijas dokument\u0101cija:<\/strong><\/p>\n\n\n\n<p><a href=\"https:\/\/documenter.getpostman.com\/view\/3357754\/TVmMfHKs\">Resico ERP DATA API piepras\u012bjumu apraksts<\/a><\/p>\n\n\n\n<p><a href=\"https:\/\/ibsc.lv\/lv\/data-api-izmantosana-e-veikala-integracijai\/\">Resico ERP DATA API izmanto\u0161ana e-komercijas integr\u0101cijai<\/a><\/p>\n\n\n\n<p><strong>Resico rokas skeneru dokument\u0101cija:<\/strong><\/p>\n\n\n\n<p><a href=\"https:\/\/ibsc.lv\/lv\/resico-android-terminala-lietosanas-instrukcija\/\">Resico Android termin\u0101la lieto\u0161anas instrukcija<\/a><\/p>\n\n\n\n<p><strong>Resico Kases Sist\u0113mas dokument\u0101cija:<\/strong><\/p>\n\n\n\n<figure class=\"wp-block-embed is-type-wp-embed is-provider-resico wp-block-embed-resico\"><div class=\"wp-block-embed__wrapper\">\n<blockquote class=\"wp-embedded-content\" data-secret=\"Q6uRu9CzuO\"><a href=\"https:\/\/ibsc.lv\/lv\/kases-ip-adreses-iestatisana-ingenico-bankas-karsu-terminali\/\">Kases IP adreses iestat\u012b\u0161ana INGENICO bankas kar\u0161u termin\u0101l\u012b<\/a><\/blockquote><iframe class=\"wp-embedded-content\" sandbox=\"allow-scripts\" security=\"restricted\" style=\"position: absolute; visibility: hidden;\" title=\"&#8220;Kases IP adreses iestat\u012b\u0161ana INGENICO bankas kar\u0161u termin\u0101l\u012b&#8221; &#8212; RESICO\" src=\"https:\/\/ibsc.lv\/lv\/kases-ip-adreses-iestatisana-ingenico-bankas-karsu-terminali\/embed\/#?secret=fmoD5XbsQD#?secret=Q6uRu9CzuO\" data-secret=\"Q6uRu9CzuO\" width=\"600\" height=\"338\" frameborder=\"0\" marginwidth=\"0\" marginheight=\"0\" scrolling=\"no\"><\/iframe>\n<\/div><\/figure>\n\n\n\n<figure class=\"wp-block-embed is-type-wp-embed is-provider-resico wp-block-embed-resico\"><div class=\"wp-block-embed__wrapper\">\n<blockquote class=\"wp-embedded-content\" data-secret=\"ckUWYckFd4\"><a href=\"https:\/\/ibsc.lv\/lv\/sagatavosanas-pirms-kases-sistemas-ks-uzstadisanas\/\">Sagatavo\u0161an\u0101s pirms Kases Sist\u0113mas (KS) uzst\u0101d\u012b\u0161anas<\/a><\/blockquote><iframe class=\"wp-embedded-content\" sandbox=\"allow-scripts\" security=\"restricted\" style=\"position: absolute; visibility: hidden;\" title=\"&#8220;Sagatavo\u0161an\u0101s pirms Kases Sist\u0113mas (KS) uzst\u0101d\u012b\u0161anas&#8221; &#8212; RESICO\" src=\"https:\/\/ibsc.lv\/lv\/sagatavosanas-pirms-kases-sistemas-ks-uzstadisanas\/embed\/#?secret=3wjZR39kWS#?secret=ckUWYckFd4\" data-secret=\"ckUWYckFd4\" width=\"600\" height=\"338\" frameborder=\"0\" marginwidth=\"0\" marginheight=\"0\" scrolling=\"no\"><\/iframe>\n<\/div><\/figure>\n\n\n\n<figure class=\"wp-block-embed is-type-wp-embed is-provider-resico wp-block-embed-resico\"><div class=\"wp-block-embed__wrapper\">\n<blockquote class=\"wp-embedded-content\" data-secret=\"8nCZPMswAX\"><a href=\"https:\/\/ibsc.lv\/lv\/kases-aparata-hibrida-kases-aparata-un-kases-sistemas-lietotaja-pienakumi\/\">Kases apar\u0101ta, hibr\u012bda kases apar\u0101ta un kases sist\u0113mas lietot\u0101ja pien\u0101kumi<\/a><\/blockquote><iframe class=\"wp-embedded-content\" sandbox=\"allow-scripts\" security=\"restricted\" style=\"position: absolute; visibility: hidden;\" title=\"&#8220;Kases apar\u0101ta, hibr\u012bda kases apar\u0101ta un kases sist\u0113mas lietot\u0101ja pien\u0101kumi&#8221; &#8212; RESICO\" src=\"https:\/\/ibsc.lv\/lv\/kases-aparata-hibrida-kases-aparata-un-kases-sistemas-lietotaja-pienakumi\/embed\/#?secret=ITKPxpGsPl#?secret=8nCZPMswAX\" data-secret=\"8nCZPMswAX\" width=\"600\" height=\"338\" frameborder=\"0\" marginwidth=\"0\" marginheight=\"0\" scrolling=\"no\"><\/iframe>\n<\/div><\/figure>\n\n\n\n<figure class=\"wp-block-embed is-type-wp-embed is-provider-resico wp-block-embed-resico\"><div class=\"wp-block-embed__wrapper\">\n<blockquote class=\"wp-embedded-content\" data-secret=\"1xr7vUkWQf\"><a href=\"https:\/\/ibsc.lv\/lv\/kases-sistemas-resico-lietotaja-instrukcija\/\">Kases sist\u0113mas Resico V1 5.0 lietot\u0101ja instrukcija<\/a><\/blockquote><iframe class=\"wp-embedded-content\" sandbox=\"allow-scripts\" security=\"restricted\" style=\"position: absolute; visibility: hidden;\" title=\"&#8220;Kases sist\u0113mas Resico V1 5.0 lietot\u0101ja instrukcija&#8221; &#8212; RESICO\" src=\"https:\/\/ibsc.lv\/kases-sistemas-resico-lietotaja-instrukcija\/embed\/#?secret=EGGo1R3iX4#?secret=1xr7vUkWQf\" data-secret=\"1xr7vUkWQf\" width=\"600\" height=\"338\" frameborder=\"0\" marginwidth=\"0\" marginheight=\"0\" scrolling=\"no\"><\/iframe>\n<\/div><\/figure>\n\n\n\n<figure class=\"wp-block-embed is-type-wp-embed is-provider-resico wp-block-embed-resico\"><div class=\"wp-block-embed__wrapper\">\n<blockquote class=\"wp-embedded-content\" data-secret=\"XRpdJzigPJ\"><a href=\"https:\/\/ibsc.lv\/lv\/ks-api-apraksts\/\">KS API apraksts<\/a><\/blockquote><iframe class=\"wp-embedded-content\" sandbox=\"allow-scripts\" security=\"restricted\" style=\"position: absolute; visibility: hidden;\" title=\"&#8220;KS API apraksts&#8221; &#8212; RESICO\" src=\"https:\/\/ibsc.lv\/lv\/ks-api-apraksts\/embed\/#?secret=KFOsSM2Y4A#?secret=XRpdJzigPJ\" data-secret=\"XRpdJzigPJ\" width=\"600\" height=\"338\" frameborder=\"0\" marginwidth=\"0\" marginheight=\"0\" scrolling=\"no\"><\/iframe>\n<\/div><\/figure>\n\n\n\n<p><\/p>","protected":false},"excerpt":{"rendered":"<p>Resico ERP integr\u0101cijas dokument\u0101cija: Resico ERP DATA API piepras\u012bjumu apraksts Resico ERP DATA API izmanto\u0161ana e-komercijas integr\u0101cijai Resico rokas skeneru dokument\u0101cija: Resico Android termin\u0101la lieto\u0161anas instrukcija Resico Kases Sist\u0113mas dokument\u0101cija:<\/p>","protected":false},"author":7,"featured_media":0,"parent":0,"menu_order":0,"comment_status":"closed","ping_status":"closed","template":"","meta":{"footnotes":""},"class_list":["post-2926","page","type-page","status-publish","hentry"],"yoast_head":"<!-- This site is optimized with the Yoast SEO plugin v24.0 - https:\/\/yoast.com\/wordpress\/plugins\/seo\/ -->\n<title>Dokument\u0101cija - RESICO<\/title>\n<meta name=\"robots\" content=\"index, follow, max-snippet:-1, max-image-preview:large, max-video-preview:-1\" \/>\n<link rel=\"canonical\" href=\"https:\/\/ibsc.lv\/lv\/instructions\/\" \/>\n<meta property=\"og:locale\" content=\"lv_LV\" \/>\n<meta property=\"og:type\" content=\"article\" \/>\n<meta property=\"og:title\" content=\"Dokument\u0101cija - RESICO\" \/>\n<meta property=\"og:description\" content=\"Resico ERP integr\u0101cijas dokument\u0101cija: Resico ERP DATA API piepras\u012bjumu apraksts Resico ERP DATA API izmanto\u0161ana e-komercijas integr\u0101cijai Resico rokas skeneru dokument\u0101cija: Resico Android termin\u0101la lieto\u0161anas instrukcija Resico Kases Sist\u0113mas dokument\u0101cija:\" \/>\n<meta property=\"og:url\" content=\"https:\/\/ibsc.lv\/lv\/instructions\/\" \/>\n<meta property=\"og:site_name\" content=\"RESICO\" \/>\n<meta property=\"article:publisher\" content=\"https:\/\/www.facebook.com\/ibsc.sia\" \/>\n<meta property=\"article:modified_time\" content=\"2026-03-20T09:22:18+00:00\" \/>\n<meta name=\"twitter:card\" content=\"summary_large_image\" \/>\n<meta name=\"twitter:label1\" content=\"Est. reading time\" \/>\n\t<meta name=\"twitter:data1\" content=\"1 min\u016bte\" \/>\n<script type=\"application\/ld+json\" class=\"yoast-schema-graph\">{\"@context\":\"https:\/\/schema.org\",\"@graph\":[{\"@type\":\"WebPage\",\"@id\":\"https:\/\/ibsc.lv\/instructions\/\",\"url\":\"https:\/\/ibsc.lv\/instructions\/\",\"name\":\"Dokument\u0101cija - RESICO\",\"isPartOf\":{\"@id\":\"https:\/\/ibsc.lv\/lv\/#website\"},\"datePublished\":\"2023-04-03T14:44:26+00:00\",\"dateModified\":\"2026-03-20T09:22:18+00:00\",\"breadcrumb\":{\"@id\":\"https:\/\/ibsc.lv\/instructions\/#breadcrumb\"},\"inLanguage\":\"lv-LV\",\"potentialAction\":[{\"@type\":\"ReadAction\",\"target\":[\"https:\/\/ibsc.lv\/instructions\/\"]}]},{\"@type\":\"BreadcrumbList\",\"@id\":\"https:\/\/ibsc.lv\/instructions\/#breadcrumb\",\"itemListElement\":[{\"@type\":\"ListItem\",\"position\":1,\"name\":\"Home\",\"item\":\"https:\/\/ibsc.lv\/\"},{\"@type\":\"ListItem\",\"position\":2,\"name\":\"Dokument\u0101cija\"}]},{\"@type\":\"WebSite\",\"@id\":\"https:\/\/ibsc.lv\/lv\/#website\",\"url\":\"https:\/\/ibsc.lv\/lv\/\",\"name\":\"IBSC\",\"description\":\"Manage bussines more effectively\",\"publisher\":{\"@id\":\"https:\/\/ibsc.lv\/lv\/#organization\"},\"potentialAction\":[{\"@type\":\"SearchAction\",\"target\":{\"@type\":\"EntryPoint\",\"urlTemplate\":\"https:\/\/ibsc.lv\/lv\/?s={search_term_string}\"},\"query-input\":{\"@type\":\"PropertyValueSpecification\",\"valueRequired\":true,\"valueName\":\"search_term_string\"}}],\"inLanguage\":\"lv-LV\"},{\"@type\":\"Organization\",\"@id\":\"https:\/\/ibsc.lv\/lv\/#organization\",\"name\":\"IBSC\",\"url\":\"https:\/\/ibsc.lv\/lv\/\",\"logo\":{\"@type\":\"ImageObject\",\"inLanguage\":\"lv-LV\",\"@id\":\"https:\/\/ibsc.lv\/lv\/#\/schema\/logo\/image\/\",\"url\":\"https:\/\/ibsc.lv\/wp-content\/uploads\/2022\/07\/IBSC-logo-official.svg\",\"contentUrl\":\"https:\/\/ibsc.lv\/wp-content\/uploads\/2022\/07\/IBSC-logo-official.svg\",\"width\":131,\"height\":47,\"caption\":\"IBSC\"},\"image\":{\"@id\":\"https:\/\/ibsc.lv\/lv\/#\/schema\/logo\/image\/\"},\"sameAs\":[\"https:\/\/www.facebook.com\/ibsc.sia\",\"https:\/\/www.instagram.com\/ibsc.resico\/\"]}]}<\/script>\n<!-- \/ Yoast SEO plugin. -->","yoast_head_json":{"title":"Dokument\u0101cija - RESICO","robots":{"index":"index","follow":"follow","max-snippet":"max-snippet:-1","max-image-preview":"max-image-preview:large","max-video-preview":"max-video-preview:-1"},"canonical":"https:\/\/ibsc.lv\/lv\/instructions\/","og_locale":"lv_LV","og_type":"article","og_title":"Dokument\u0101cija - RESICO","og_description":"Resico ERP integr\u0101cijas dokument\u0101cija: Resico ERP DATA API piepras\u012bjumu apraksts Resico ERP DATA API izmanto\u0161ana e-komercijas integr\u0101cijai Resico rokas skeneru dokument\u0101cija: Resico Android termin\u0101la lieto\u0161anas instrukcija Resico Kases Sist\u0113mas dokument\u0101cija:","og_url":"https:\/\/ibsc.lv\/lv\/instructions\/","og_site_name":"RESICO","article_publisher":"https:\/\/www.facebook.com\/ibsc.sia","article_modified_time":"2026-03-20T09:22:18+00:00","twitter_card":"summary_large_image","twitter_misc":{"Est. reading time":"1 min\u016bte"},"schema":{"@context":"https:\/\/schema.org","@graph":[{"@type":"WebPage","@id":"https:\/\/ibsc.lv\/instructions\/","url":"https:\/\/ibsc.lv\/instructions\/","name":"Dokument\u0101cija - RESICO","isPartOf":{"@id":"https:\/\/ibsc.lv\/lv\/#website"},"datePublished":"2023-04-03T14:44:26+00:00","dateModified":"2026-03-20T09:22:18+00:00","breadcrumb":{"@id":"https:\/\/ibsc.lv\/instructions\/#breadcrumb"},"inLanguage":"lv-LV","potentialAction":[{"@type":"ReadAction","target":["https:\/\/ibsc.lv\/instructions\/"]}]},{"@type":"BreadcrumbList","@id":"https:\/\/ibsc.lv\/instructions\/#breadcrumb","itemListElement":[{"@type":"ListItem","position":1,"name":"Home","item":"https:\/\/ibsc.lv\/"},{"@type":"ListItem","position":2,"name":"Dokument\u0101cija"}]},{"@type":"WebSite","@id":"https:\/\/ibsc.lv\/lv\/#website","url":"https:\/\/ibsc.lv\/lv\/","name":"IBSC","description":"Manage bussines more effectively","publisher":{"@id":"https:\/\/ibsc.lv\/lv\/#organization"},"potentialAction":[{"@type":"SearchAction","target":{"@type":"EntryPoint","urlTemplate":"https:\/\/ibsc.lv\/lv\/?s={search_term_string}"},"query-input":{"@type":"PropertyValueSpecification","valueRequired":true,"valueName":"search_term_string"}}],"inLanguage":"lv-LV"},{"@type":"Organization","@id":"https:\/\/ibsc.lv\/lv\/#organization","name":"IBSC","url":"https:\/\/ibsc.lv\/lv\/","logo":{"@type":"ImageObject","inLanguage":"lv-LV","@id":"https:\/\/ibsc.lv\/lv\/#\/schema\/logo\/image\/","url":"https:\/\/ibsc.lv\/wp-content\/uploads\/2022\/07\/IBSC-logo-official.svg","contentUrl":"https:\/\/ibsc.lv\/wp-content\/uploads\/2022\/07\/IBSC-logo-official.svg","width":131,"height":47,"caption":"IBSC"},"image":{"@id":"https:\/\/ibsc.lv\/lv\/#\/schema\/logo\/image\/"},"sameAs":["https:\/\/www.facebook.com\/ibsc.sia","https:\/\/www.instagram.com\/ibsc.resico\/"]}]}},"_links":{"self":[{"href":"https:\/\/ibsc.lv\/lv\/wp-json\/wp\/v2\/pages\/2926","targetHints":{"allow":["GET"]}}],"collection":[{"href":"https:\/\/ibsc.lv\/lv\/wp-json\/wp\/v2\/pages"}],"about":[{"href":"https:\/\/ibsc.lv\/lv\/wp-json\/wp\/v2\/types\/page"}],"author":[{"embeddable":true,"href":"https:\/\/ibsc.lv\/lv\/wp-json\/wp\/v2\/users\/7"}],"replies":[{"embeddable":true,"href":"https:\/\/ibsc.lv\/lv\/wp-json\/wp\/v2\/comments?post=2926"}],"version-history":[{"count":8,"href":"https:\/\/ibsc.lv\/lv\/wp-json\/wp\/v2\/pages\/2926\/revisions"}],"predecessor-version":[{"id":4893,"href":"https:\/\/ibsc.lv\/lv\/wp-json\/wp\/v2\/pages\/2926\/revisions\/4893"}],"wp:attachment":[{"href":"https:\/\/ibsc.lv\/lv\/wp-json\/wp\/v2\/media?parent=2926"}],"curies":[{"name":"wp","href":"https:\/\/api.w.org\/{rel}","templated":true}]}}