{"id":4781,"date":"2025-09-23T17:41:37","date_gmt":"2025-09-23T14:41:37","guid":{"rendered":"https:\/\/ibsc.lv\/?page_id=4781"},"modified":"2025-11-12T16:08:55","modified_gmt":"2025-11-12T14:08:55","slug":"kases-ip-adreses-iestatisana-ingenico-bankas-karsu-terminali","status":"publish","type":"page","link":"https:\/\/ibsc.lv\/lv\/kases-ip-adreses-iestatisana-ingenico-bankas-karsu-terminali\/","title":{"rendered":"Kases IP adreses iestat\u012b\u0161ana INGENICO bankas kar\u0161u termin\u0101l\u012b"},"content":{"rendered":"<p>________________________________________________________________________________________________<\/p>\n\n\n\n<div data-wp-interactive=\"core\/file\" class=\"wp-block-file\"><object data-wp-bind--hidden=\"!state.hasPdfPreview\" hidden class=\"wp-block-file__embed\" data=\"\/wp-content\/uploads\/2025\/11\/Kases-IP-adreses-iestatisana-Baltic-POS-bankas-karsu-terminali-1.pdf\" type=\"application\/pdf\" style=\"width:100%;height:600px\" aria-label=\"Iegult Kases IP adreses iestat\u012b\u0161ana Baltic POS bankas kar\u0161u termin\u0101li.\"><\/object><a id=\"wp-block-file--media-be694929-a4a9-4a4b-a07a-8f14422eba4b\" href=\"\/wp-content\/uploads\/2025\/11\/Kases-IP-adreses-iestatisana-Baltic-POS-bankas-karsu-terminali-1.pdf\">Kases IP adreses iestat\u012b\u0161ana Baltic POS bankas kar\u0161u termin\u0101li<\/a><a href=\"\/wp-content\/uploads\/2025\/11\/Kases-IP-adreses-iestatisana-Baltic-POS-bankas-karsu-terminali-1.pdf\" class=\"wp-block-file__button wp-element-button\" download aria-describedby=\"wp-block-file--media-be694929-a4a9-4a4b-a07a-8f14422eba4b\">Lejupiel\u0101d\u0113t<\/a><\/div>\n\n\n\n<p><\/p>","protected":false},"excerpt":{"rendered":"<p>________________________________________________________________________________________________<\/p>","protected":false},"author":7,"featured_media":0,"parent":0,"menu_order":0,"comment_status":"closed","ping_status":"closed","template":"","meta":{"footnotes":""},"class_list":["post-4781","page","type-page","status-publish","hentry"],"yoast_head":"<!-- This site is optimized with the Yoast SEO plugin v24.0 - https:\/\/yoast.com\/wordpress\/plugins\/seo\/ -->\n<title>Kases IP adreses iestat\u012b\u0161ana INGENICO bankas kar\u0161u termin\u0101l\u012b - RESICO<\/title>\n<meta name=\"robots\" content=\"index, follow, max-snippet:-1, max-image-preview:large, max-video-preview:-1\" \/>\n<link rel=\"canonical\" href=\"https:\/\/ibsc.lv\/lv\/kases-ip-adreses-iestatisana-ingenico-bankas-karsu-terminali\/\" \/>\n<meta property=\"og:locale\" content=\"lv_LV\" \/>\n<meta property=\"og:type\" content=\"article\" \/>\n<meta property=\"og:title\" content=\"Kases IP adreses iestat\u012b\u0161ana INGENICO bankas kar\u0161u termin\u0101l\u012b - RESICO\" \/>\n<meta property=\"og:description\" content=\"________________________________________________________________________________________________\" \/>\n<meta property=\"og:url\" content=\"https:\/\/ibsc.lv\/lv\/kases-ip-adreses-iestatisana-ingenico-bankas-karsu-terminali\/\" \/>\n<meta property=\"og:site_name\" content=\"RESICO\" \/>\n<meta property=\"article:publisher\" content=\"https:\/\/www.facebook.com\/ibsc.sia\" \/>\n<meta property=\"article:modified_time\" content=\"2025-11-12T14:08:55+00:00\" \/>\n<meta name=\"twitter:card\" content=\"summary_large_image\" \/>\n<meta name=\"twitter:label1\" content=\"Est. reading time\" \/>\n\t<meta name=\"twitter:data1\" content=\"1 min\u016bte\" \/>\n<script type=\"application\/ld+json\" class=\"yoast-schema-graph\">{\"@context\":\"https:\/\/schema.org\",\"@graph\":[{\"@type\":\"WebPage\",\"@id\":\"https:\/\/ibsc.lv\/kases-ip-adreses-iestatisana-ingenico-bankas-karsu-terminali\/\",\"url\":\"https:\/\/ibsc.lv\/kases-ip-adreses-iestatisana-ingenico-bankas-karsu-terminali\/\",\"name\":\"Kases IP adreses iestat\u012b\u0161ana INGENICO bankas kar\u0161u termin\u0101l\u012b - RESICO\",\"isPartOf\":{\"@id\":\"https:\/\/ibsc.lv\/lv\/#website\"},\"datePublished\":\"2025-09-23T14:41:37+00:00\",\"dateModified\":\"2025-11-12T14:08:55+00:00\",\"breadcrumb\":{\"@id\":\"https:\/\/ibsc.lv\/kases-ip-adreses-iestatisana-ingenico-bankas-karsu-terminali\/#breadcrumb\"},\"inLanguage\":\"lv-LV\",\"potentialAction\":[{\"@type\":\"ReadAction\",\"target\":[\"https:\/\/ibsc.lv\/kases-ip-adreses-iestatisana-ingenico-bankas-karsu-terminali\/\"]}]},{\"@type\":\"BreadcrumbList\",\"@id\":\"https:\/\/ibsc.lv\/kases-ip-adreses-iestatisana-ingenico-bankas-karsu-terminali\/#breadcrumb\",\"itemListElement\":[{\"@type\":\"ListItem\",\"position\":1,\"name\":\"Home\",\"item\":\"https:\/\/ibsc.lv\/\"},{\"@type\":\"ListItem\",\"position\":2,\"name\":\"Kases IP adreses iestat\u012b\u0161ana INGENICO bankas kar\u0161u termin\u0101l\u012b\"}]},{\"@type\":\"WebSite\",\"@id\":\"https:\/\/ibsc.lv\/lv\/#website\",\"url\":\"https:\/\/ibsc.lv\/lv\/\",\"name\":\"IBSC\",\"description\":\"Manage bussines more effectively\",\"publisher\":{\"@id\":\"https:\/\/ibsc.lv\/lv\/#organization\"},\"potentialAction\":[{\"@type\":\"SearchAction\",\"target\":{\"@type\":\"EntryPoint\",\"urlTemplate\":\"https:\/\/ibsc.lv\/lv\/?s={search_term_string}\"},\"query-input\":{\"@type\":\"PropertyValueSpecification\",\"valueRequired\":true,\"valueName\":\"search_term_string\"}}],\"inLanguage\":\"lv-LV\"},{\"@type\":\"Organization\",\"@id\":\"https:\/\/ibsc.lv\/lv\/#organization\",\"name\":\"IBSC\",\"url\":\"https:\/\/ibsc.lv\/lv\/\",\"logo\":{\"@type\":\"ImageObject\",\"inLanguage\":\"lv-LV\",\"@id\":\"https:\/\/ibsc.lv\/lv\/#\/schema\/logo\/image\/\",\"url\":\"https:\/\/ibsc.lv\/wp-content\/uploads\/2022\/07\/IBSC-logo-official.svg\",\"contentUrl\":\"https:\/\/ibsc.lv\/wp-content\/uploads\/2022\/07\/IBSC-logo-official.svg\",\"width\":131,\"height\":47,\"caption\":\"IBSC\"},\"image\":{\"@id\":\"https:\/\/ibsc.lv\/lv\/#\/schema\/logo\/image\/\"},\"sameAs\":[\"https:\/\/www.facebook.com\/ibsc.sia\",\"https:\/\/www.instagram.com\/ibsc.resico\/\"]}]}<\/script>\n<!-- \/ Yoast SEO plugin. -->","yoast_head_json":{"title":"Kases IP adreses iestat\u012b\u0161ana INGENICO bankas kar\u0161u termin\u0101l\u012b - RESICO","robots":{"index":"index","follow":"follow","max-snippet":"max-snippet:-1","max-image-preview":"max-image-preview:large","max-video-preview":"max-video-preview:-1"},"canonical":"https:\/\/ibsc.lv\/lv\/kases-ip-adreses-iestatisana-ingenico-bankas-karsu-terminali\/","og_locale":"lv_LV","og_type":"article","og_title":"Kases IP adreses iestat\u012b\u0161ana INGENICO bankas kar\u0161u termin\u0101l\u012b - RESICO","og_description":"________________________________________________________________________________________________","og_url":"https:\/\/ibsc.lv\/lv\/kases-ip-adreses-iestatisana-ingenico-bankas-karsu-terminali\/","og_site_name":"RESICO","article_publisher":"https:\/\/www.facebook.com\/ibsc.sia","article_modified_time":"2025-11-12T14:08:55+00:00","twitter_card":"summary_large_image","twitter_misc":{"Est. reading time":"1 min\u016bte"},"schema":{"@context":"https:\/\/schema.org","@graph":[{"@type":"WebPage","@id":"https:\/\/ibsc.lv\/kases-ip-adreses-iestatisana-ingenico-bankas-karsu-terminali\/","url":"https:\/\/ibsc.lv\/kases-ip-adreses-iestatisana-ingenico-bankas-karsu-terminali\/","name":"Kases IP adreses iestat\u012b\u0161ana INGENICO bankas kar\u0161u termin\u0101l\u012b - RESICO","isPartOf":{"@id":"https:\/\/ibsc.lv\/lv\/#website"},"datePublished":"2025-09-23T14:41:37+00:00","dateModified":"2025-11-12T14:08:55+00:00","breadcrumb":{"@id":"https:\/\/ibsc.lv\/kases-ip-adreses-iestatisana-ingenico-bankas-karsu-terminali\/#breadcrumb"},"inLanguage":"lv-LV","potentialAction":[{"@type":"ReadAction","target":["https:\/\/ibsc.lv\/kases-ip-adreses-iestatisana-ingenico-bankas-karsu-terminali\/"]}]},{"@type":"BreadcrumbList","@id":"https:\/\/ibsc.lv\/kases-ip-adreses-iestatisana-ingenico-bankas-karsu-terminali\/#breadcrumb","itemListElement":[{"@type":"ListItem","position":1,"name":"Home","item":"https:\/\/ibsc.lv\/"},{"@type":"ListItem","position":2,"name":"Kases IP adreses iestat\u012b\u0161ana INGENICO bankas kar\u0161u termin\u0101l\u012b"}]},{"@type":"WebSite","@id":"https:\/\/ibsc.lv\/lv\/#website","url":"https:\/\/ibsc.lv\/lv\/","name":"IBSC","description":"Manage bussines more effectively","publisher":{"@id":"https:\/\/ibsc.lv\/lv\/#organization"},"potentialAction":[{"@type":"SearchAction","target":{"@type":"EntryPoint","urlTemplate":"https:\/\/ibsc.lv\/lv\/?s={search_term_string}"},"query-input":{"@type":"PropertyValueSpecification","valueRequired":true,"valueName":"search_term_string"}}],"inLanguage":"lv-LV"},{"@type":"Organization","@id":"https:\/\/ibsc.lv\/lv\/#organization","name":"IBSC","url":"https:\/\/ibsc.lv\/lv\/","logo":{"@type":"ImageObject","inLanguage":"lv-LV","@id":"https:\/\/ibsc.lv\/lv\/#\/schema\/logo\/image\/","url":"https:\/\/ibsc.lv\/wp-content\/uploads\/2022\/07\/IBSC-logo-official.svg","contentUrl":"https:\/\/ibsc.lv\/wp-content\/uploads\/2022\/07\/IBSC-logo-official.svg","width":131,"height":47,"caption":"IBSC"},"image":{"@id":"https:\/\/ibsc.lv\/lv\/#\/schema\/logo\/image\/"},"sameAs":["https:\/\/www.facebook.com\/ibsc.sia","https:\/\/www.instagram.com\/ibsc.resico\/"]}]}},"_links":{"self":[{"href":"https:\/\/ibsc.lv\/lv\/wp-json\/wp\/v2\/pages\/4781","targetHints":{"allow":["GET"]}}],"collection":[{"href":"https:\/\/ibsc.lv\/lv\/wp-json\/wp\/v2\/pages"}],"about":[{"href":"https:\/\/ibsc.lv\/lv\/wp-json\/wp\/v2\/types\/page"}],"author":[{"embeddable":true,"href":"https:\/\/ibsc.lv\/lv\/wp-json\/wp\/v2\/users\/7"}],"replies":[{"embeddable":true,"href":"https:\/\/ibsc.lv\/lv\/wp-json\/wp\/v2\/comments?post=4781"}],"version-history":[{"count":6,"href":"https:\/\/ibsc.lv\/lv\/wp-json\/wp\/v2\/pages\/4781\/revisions"}],"predecessor-version":[{"id":4809,"href":"https:\/\/ibsc.lv\/lv\/wp-json\/wp\/v2\/pages\/4781\/revisions\/4809"}],"wp:attachment":[{"href":"https:\/\/ibsc.lv\/lv\/wp-json\/wp\/v2\/media?parent=4781"}],"curies":[{"name":"wp","href":"https:\/\/api.w.org\/{rel}","templated":true}]}}